{"id":225,"date":"2023-09-25T08:21:36","date_gmt":"2023-09-25T06:21:36","guid":{"rendered":"https:\/\/taxivillaviciosa.net\/?page_id=225"},"modified":"2023-11-19T14:17:17","modified_gmt":"2023-11-19T13:17:17","slug":"por-que-elegir-taxi-villaviciosa","status":"publish","type":"page","link":"https:\/\/taxivillaviciosa.net\/index.php\/por-que-elegir-taxi-villaviciosa\/","title":{"rendered":"\u00bfPor qu\u00e9 elegir Taxi Villaviciosa?"},"content":{"rendered":"\n<h2 class=\"wp-block-heading has-medium-font-size\">\u00bfPor qu\u00e9 elegir Taxi Villaviciosa? Porque somos m\u00e1s que un simple servicio de transporte. En Taxi Villaviciosa, combinamos la tradici\u00f3n de un servicio de confianza con la modernidad de veh\u00edculos c\u00f3modos y seguros. Nuestros conductores, expertos en la zona, te garantizan un trayecto puntual y agradable. Adem\u00e1s, nos adaptamos a tus necesidades, ofreciendo soluciones personalizadas para cada viaje. Elige calidad, elige confianza, \u00a1elige Taxi Villaviciosa!\u00bb<\/h2>\n\n\n\n<div class=\"wp-block-columns is-layout-flex wp-container-core-columns-is-layout-3 wp-block-columns-is-layout-flex\">\n<div class=\"wp-block-column is-layout-flow wp-block-column-is-layout-flow\">\n<div class=\"wp-block-columns is-layout-flex wp-container-core-columns-is-layout-1 wp-block-columns-is-layout-flex\">\n<div class=\"wp-block-column is-layout-flow wp-block-column-is-layout-flow\">\n<h2 class=\"wp-block-heading has-text-align-center has-medium-font-size\"><strong>Profesionalidad<\/strong><\/h2>\n\n\n\n<div style=\"height:3px\" aria-hidden=\"true\" class=\"wp-block-spacer\"><\/div>\n\n\n\n<div class=\"wp-block-image\">\n<figure class=\"aligncenter size-full is-resized\"><img loading=\"lazy\" decoding=\"async\" width=\"389\" height=\"389\" src=\"https:\/\/taxivillaviciosa.net\/wp-content\/uploads\/icono-profesional.png\" alt=\"\u00bfPor qu\u00e9 elegir Taxi Villaviciosa?\" class=\"wp-image-227\" style=\"object-fit:contain;width:170px;height:170px\" title=\"\" srcset=\"https:\/\/taxivillaviciosa.net\/wp-content\/uploads\/icono-profesional.png 389w, https:\/\/taxivillaviciosa.net\/wp-content\/uploads\/icono-profesional-300x300.png 300w, https:\/\/taxivillaviciosa.net\/wp-content\/uploads\/icono-profesional-150x150.png 150w\" sizes=\"auto, (max-width: 389px) 100vw, 389px\" \/><\/figure><\/div>\n\n\n\n<div style=\"height:15px\" aria-hidden=\"true\" class=\"wp-block-spacer\"><\/div>\n\n\n\n<p class=\"has-text-align-center\"><strong>Nuestros conductores est\u00e1n altamente capacitados y conocen la zona de Villaviciosa al detalle, asegurando un servicio de primera clase.<\/strong><\/p>\n<\/div>\n\n\n\n<div class=\"wp-block-column is-layout-flow wp-block-column-is-layout-flow\">\n<h2 class=\"wp-block-heading has-text-align-center has-medium-font-size\"><strong>Veh\u00edculos Modernos y Seguros<\/strong><\/h2>\n\n\n<div class=\"wp-block-image\">\n<figure class=\"aligncenter size-full is-resized\"><img loading=\"lazy\" decoding=\"async\" width=\"389\" height=\"389\" src=\"https:\/\/taxivillaviciosa.net\/wp-content\/uploads\/icono-coche-moderno.png\" alt=\"\" class=\"wp-image-228\" style=\"object-fit:contain;width:170px;height:170px\" title=\"\" srcset=\"https:\/\/taxivillaviciosa.net\/wp-content\/uploads\/icono-coche-moderno.png 389w, https:\/\/taxivillaviciosa.net\/wp-content\/uploads\/icono-coche-moderno-300x300.png 300w, https:\/\/taxivillaviciosa.net\/wp-content\/uploads\/icono-coche-moderno-150x150.png 150w\" sizes=\"auto, (max-width: 389px) 100vw, 389px\" \/><\/figure><\/div>\n\n\n<div style=\"height:15px\" aria-hidden=\"true\" class=\"wp-block-spacer\"><\/div>\n\n\n\n<p class=\"has-text-align-center\"><strong>Contamos con una flota actualizada y bien mantenida, garantizando comodidad y seguridad en cada viaje.<\/strong><\/p>\n<\/div>\n<\/div>\n<\/div>\n\n\n\n<div class=\"wp-block-column is-layout-flow wp-block-column-is-layout-flow\">\n<div class=\"wp-block-columns is-layout-flex wp-container-core-columns-is-layout-2 wp-block-columns-is-layout-flex\">\n<div class=\"wp-block-column is-layout-flow wp-block-column-is-layout-flow\">\n<h2 class=\"wp-block-heading has-text-align-center has-medium-font-size\"><strong>Puntualidad<\/strong><\/h2>\n\n\n\n<div style=\"height:4px\" aria-hidden=\"true\" class=\"wp-block-spacer\"><\/div>\n\n\n\n<div style=\"height:0px\" aria-hidden=\"true\" class=\"wp-block-spacer\"><\/div>\n\n\n<div class=\"wp-block-image\">\n<figure class=\"aligncenter size-full is-resized\"><img loading=\"lazy\" decoding=\"async\" width=\"389\" height=\"389\" src=\"https:\/\/taxivillaviciosa.net\/wp-content\/uploads\/icono-puntual.png\" alt=\"\" class=\"wp-image-229\" style=\"object-fit:cover;width:170px;height:170px\" title=\"\" srcset=\"https:\/\/taxivillaviciosa.net\/wp-content\/uploads\/icono-puntual.png 389w, https:\/\/taxivillaviciosa.net\/wp-content\/uploads\/icono-puntual-300x300.png 300w, https:\/\/taxivillaviciosa.net\/wp-content\/uploads\/icono-puntual-150x150.png 150w\" sizes=\"auto, (max-width: 389px) 100vw, 389px\" \/><\/figure><\/div>\n\n\n<div style=\"height:15px\" aria-hidden=\"true\" class=\"wp-block-spacer\"><\/div>\n\n\n\n<p class=\"has-text-align-center\"><strong>Sabemos que tu tiempo es valioso. Con Taxi Villaviciosa, siempre llegar\u00e1s a tiempo a tu destino.<\/strong><\/p>\n<\/div>\n\n\n\n<div class=\"wp-block-column is-layout-flow wp-block-column-is-layout-flow\">\n<h2 class=\"wp-block-heading has-text-align-center has-medium-font-size\"><strong>Tarifas Transparentes<\/strong><\/h2>\n\n\n\n<div style=\"height:11px\" aria-hidden=\"true\" class=\"wp-block-spacer\"><\/div>\n\n\n<div class=\"wp-block-image\">\n<figure class=\"aligncenter size-full is-resized\"><img loading=\"lazy\" decoding=\"async\" width=\"389\" height=\"389\" src=\"https:\/\/taxivillaviciosa.net\/wp-content\/uploads\/icono-tarifas.png\" alt=\"\" class=\"wp-image-230\" style=\"object-fit:contain;width:170px;height:170px\" title=\"\" srcset=\"https:\/\/taxivillaviciosa.net\/wp-content\/uploads\/icono-tarifas.png 389w, https:\/\/taxivillaviciosa.net\/wp-content\/uploads\/icono-tarifas-300x300.png 300w, https:\/\/taxivillaviciosa.net\/wp-content\/uploads\/icono-tarifas-150x150.png 150w\" sizes=\"auto, (max-width: 389px) 100vw, 389px\" \/><\/figure><\/div>\n\n\n<div style=\"height:15px\" aria-hidden=\"true\" class=\"wp-block-spacer\"><\/div>\n\n\n\n<p class=\"has-text-align-center\"><strong>Sin sorpresas ni costos ocultos. Ofrecemos precios competitivos y claros desde el inicio.<\/strong><\/p>\n<\/div>\n<\/div>\n<\/div>\n<\/div>\n\n\n\n<div class=\"wp-block-columns is-layout-flex wp-container-core-columns-is-layout-6 wp-block-columns-is-layout-flex\">\n<div class=\"wp-block-column is-layout-flow wp-block-column-is-layout-flow\">\n<div class=\"wp-block-columns is-layout-flex wp-container-core-columns-is-layout-4 wp-block-columns-is-layout-flex\">\n<div class=\"wp-block-column is-layout-flow wp-block-column-is-layout-flow\">\n<h2 class=\"wp-block-heading has-text-align-center has-medium-font-size\"><strong>Atenci\u00f3n Personalizada<\/strong><\/h2>\n\n\n\n<div style=\"height:18px\" aria-hidden=\"true\" class=\"wp-block-spacer\"><\/div>\n\n\n<div class=\"wp-block-image\">\n<figure class=\"aligncenter size-full is-resized\"><img loading=\"lazy\" decoding=\"async\" width=\"389\" height=\"389\" src=\"https:\/\/taxivillaviciosa.net\/wp-content\/uploads\/atencion-personalizada.png\" alt=\"\" class=\"wp-image-231\" style=\"object-fit:contain;width:170px;height:170px\" title=\"\" srcset=\"https:\/\/taxivillaviciosa.net\/wp-content\/uploads\/atencion-personalizada.png 389w, https:\/\/taxivillaviciosa.net\/wp-content\/uploads\/atencion-personalizada-300x300.png 300w, https:\/\/taxivillaviciosa.net\/wp-content\/uploads\/atencion-personalizada-150x150.png 150w\" sizes=\"auto, (max-width: 389px) 100vw, 389px\" \/><\/figure><\/div>\n\n\n<div style=\"height:15px\" aria-hidden=\"true\" class=\"wp-block-spacer\"><\/div>\n\n\n\n<p class=\"has-text-align-center\"><strong>Nos adaptamos a tus necesidades, ya sea un traslado al aeropuerto, una cita m\u00e9dica o un recorrido tur\u00edstico.<\/strong><\/p>\n<\/div>\n\n\n\n<div class=\"wp-block-column is-layout-flow wp-block-column-is-layout-flow\">\n<h2 class=\"wp-block-heading has-text-align-center has-medium-font-size\"><strong>Disponibilidad 24\/7<\/strong> <strong>servios nocturno previa reserva<\/strong><\/h2>\n\n\n<div class=\"wp-block-image\">\n<figure class=\"aligncenter size-full is-resized\"><img loading=\"lazy\" decoding=\"async\" width=\"389\" height=\"389\" src=\"https:\/\/taxivillaviciosa.net\/wp-content\/uploads\/icono-puntual-1.png\" alt=\"\" class=\"wp-image-232\" style=\"object-fit:contain;width:170px;height:170px\" title=\"\" srcset=\"https:\/\/taxivillaviciosa.net\/wp-content\/uploads\/icono-puntual-1.png 389w, https:\/\/taxivillaviciosa.net\/wp-content\/uploads\/icono-puntual-1-300x300.png 300w, https:\/\/taxivillaviciosa.net\/wp-content\/uploads\/icono-puntual-1-150x150.png 150w\" sizes=\"auto, (max-width: 389px) 100vw, 389px\" \/><\/figure><\/div>\n\n\n<div style=\"height:15px\" aria-hidden=\"true\" class=\"wp-block-spacer\"><\/div>\n\n\n\n<p class=\"has-text-align-center\"><strong>Estamos a tu disposici\u00f3n a cualquier hora del d\u00eda, todos los d\u00edas del a\u00f1o.<\/strong><\/p>\n<\/div>\n<\/div>\n<\/div>\n\n\n\n<div class=\"wp-block-column is-layout-flow wp-block-column-is-layout-flow\">\n<div class=\"wp-block-columns is-layout-flex wp-container-core-columns-is-layout-5 wp-block-columns-is-layout-flex\">\n<div class=\"wp-block-column is-layout-flow wp-block-column-is-layout-flow\">\n<h2 class=\"wp-block-heading has-text-align-center has-medium-font-size\"><strong>Compromiso con el Medio Ambiente<\/strong><\/h2>\n\n\n\n<div style=\"height:3px\" aria-hidden=\"true\" class=\"wp-block-spacer\"><\/div>\n\n\n<div class=\"wp-block-image\">\n<figure class=\"aligncenter size-full is-resized\"><img loading=\"lazy\" decoding=\"async\" width=\"389\" height=\"389\" src=\"https:\/\/taxivillaviciosa.net\/wp-content\/uploads\/icono-eco.png\" alt=\"\" class=\"wp-image-226\" style=\"object-fit:contain;width:170px;height:170px\" title=\"\" srcset=\"https:\/\/taxivillaviciosa.net\/wp-content\/uploads\/icono-eco.png 389w, https:\/\/taxivillaviciosa.net\/wp-content\/uploads\/icono-eco-300x300.png 300w, https:\/\/taxivillaviciosa.net\/wp-content\/uploads\/icono-eco-150x150.png 150w\" sizes=\"auto, (max-width: 389px) 100vw, 389px\" \/><\/figure><\/div>\n\n\n<div style=\"height:15px\" aria-hidden=\"true\" class=\"wp-block-spacer\"><\/div>\n\n\n\n<p class=\"has-text-align-center\"><strong>Nuestra flota incluye veh\u00edculos ecol\u00f3gicos, contribuyendo a una movilidad m\u00e1s sostenible.<\/strong><\/p>\n<\/div>\n\n\n\n<div class=\"wp-block-column is-layout-flow wp-block-column-is-layout-flow\">\n<h2 class=\"wp-block-heading has-text-align-center has-medium-font-size\"><strong>Reserva F\u00e1cil y R\u00e1pida<\/strong><\/h2>\n\n\n\n<div style=\"height:29px\" aria-hidden=\"true\" class=\"wp-block-spacer\"><\/div>\n\n\n<div class=\"wp-block-image\">\n<figure class=\"aligncenter size-full is-resized\"><img loading=\"lazy\" decoding=\"async\" width=\"389\" height=\"389\" src=\"https:\/\/taxivillaviciosa.net\/wp-content\/uploads\/icono-reserva.png\" alt=\"\" class=\"wp-image-233\" style=\"object-fit:contain;width:170px;height:170px\" title=\"\" srcset=\"https:\/\/taxivillaviciosa.net\/wp-content\/uploads\/icono-reserva.png 389w, https:\/\/taxivillaviciosa.net\/wp-content\/uploads\/icono-reserva-300x300.png 300w, https:\/\/taxivillaviciosa.net\/wp-content\/uploads\/icono-reserva-150x150.png 150w\" sizes=\"auto, (max-width: 389px) 100vw, 389px\" \/><\/figure><\/div>\n\n\n<div style=\"height:15px\" aria-hidden=\"true\" class=\"wp-block-spacer\"><\/div>\n\n\n\n<p class=\"has-text-align-center\"><strong>Con nuestro sistema de reserva, puedes programar tu viaje en pocos pasos, garantizando un taxi cuando lo necesites.<\/strong><\/p>\n<\/div>\n<\/div>\n<\/div>\n<\/div>\n\n\n\n<div class=\"wp-block-columns is-layout-flex wp-container-core-columns-is-layout-8 wp-block-columns-is-layout-flex\">\n<div class=\"wp-block-column is-layout-flow wp-block-column-is-layout-flow\"><\/div>\n\n\n\n<div class=\"wp-block-column is-layout-flow wp-block-column-is-layout-flow\">\n<div class=\"wp-block-columns is-layout-flex wp-container-core-columns-is-layout-7 wp-block-columns-is-layout-flex\">\n<div class=\"wp-block-column is-layout-flow wp-block-column-is-layout-flow\"><\/div>\n\n\n\n<div class=\"wp-block-column is-layout-flow wp-block-column-is-layout-flow\"><div class=\"wp-block-image\">\n<figure class=\"aligncenter size-full\"><a href=\"https:\/\/taxivillaviciosa.net\/\"><img loading=\"lazy\" decoding=\"async\" width=\"378\" height=\"378\" src=\"https:\/\/taxivillaviciosa.net\/wp-content\/uploads\/INICIO.png\" alt=\"\" class=\"wp-image-192\" title=\"\" srcset=\"https:\/\/taxivillaviciosa.net\/wp-content\/uploads\/INICIO.png 378w, https:\/\/taxivillaviciosa.net\/wp-content\/uploads\/INICIO-300x300.png 300w, https:\/\/taxivillaviciosa.net\/wp-content\/uploads\/INICIO-150x150.png 150w\" sizes=\"auto, (max-width: 378px) 100vw, 378px\" \/><\/a><figcaption class=\"wp-element-caption\"><strong><a href=\"https:\/\/taxivillaviciosa.net\/\" data-type=\"page\" data-id=\"9\">inicio<\/a><\/strong><\/figcaption><\/figure><\/div><\/div>\n\n\n\n<div class=\"wp-block-column is-layout-flow wp-block-column-is-layout-flow\"><\/div>\n<\/div>\n<\/div>\n\n\n\n<div class=\"wp-block-column is-layout-flow wp-block-column-is-layout-flow\"><\/div>\n<\/div>\n","protected":false},"excerpt":{"rendered":"<p>\u00bfPor qu\u00e9 elegir Taxi Villaviciosa? Porque somos m\u00e1s que un simple servicio de transporte. En Taxi Villaviciosa, combinamos la tradici\u00f3n de un servicio de confianza con la modernidad de veh\u00edculos c\u00f3modos y seguros. Nuestros conductores, expertos en la zona, te garantizan un trayecto puntual y agradable. Adem\u00e1s, nos adaptamos a tus necesidades, ofreciendo soluciones personalizadas &#8230; <a title=\"\u00bfPor qu\u00e9 elegir Taxi Villaviciosa?\" class=\"read-more\" href=\"https:\/\/taxivillaviciosa.net\/index.php\/por-que-elegir-taxi-villaviciosa\/\" aria-label=\"M\u00e1s en \u00bfPor qu\u00e9 elegir Taxi Villaviciosa?\">Leer m\u00e1s<\/a><\/p>\n","protected":false},"author":1,"featured_media":0,"parent":0,"menu_order":0,"comment_status":"closed","ping_status":"closed","template":"","meta":{"footnotes":""},"class_list":["post-225","page","type-page","status-publish"],"amp_enabled":true,"_links":{"self":[{"href":"https:\/\/taxivillaviciosa.net\/index.php\/wp-json\/wp\/v2\/pages\/225","targetHints":{"allow":["GET"]}}],"collection":[{"href":"https:\/\/taxivillaviciosa.net\/index.php\/wp-json\/wp\/v2\/pages"}],"about":[{"href":"https:\/\/taxivillaviciosa.net\/index.php\/wp-json\/wp\/v2\/types\/page"}],"author":[{"embeddable":true,"href":"https:\/\/taxivillaviciosa.net\/index.php\/wp-json\/wp\/v2\/users\/1"}],"replies":[{"embeddable":true,"href":"https:\/\/taxivillaviciosa.net\/index.php\/wp-json\/wp\/v2\/comments?post=225"}],"version-history":[{"count":16,"href":"https:\/\/taxivillaviciosa.net\/index.php\/wp-json\/wp\/v2\/pages\/225\/revisions"}],"predecessor-version":[{"id":432,"href":"https:\/\/taxivillaviciosa.net\/index.php\/wp-json\/wp\/v2\/pages\/225\/revisions\/432"}],"wp:attachment":[{"href":"https:\/\/taxivillaviciosa.net\/index.php\/wp-json\/wp\/v2\/media?parent=225"}],"curies":[{"name":"wp","href":"https:\/\/api.w.org\/{rel}","templated":true}]}}