{"id":248,"date":"2023-09-25T08:50:09","date_gmt":"2023-09-25T06:50:09","guid":{"rendered":"https:\/\/taxivillaviciosa.net\/?page_id=248"},"modified":"2023-09-25T08:56:11","modified_gmt":"2023-09-25T06:56:11","slug":"sobre-nosotros","status":"publish","type":"page","link":"https:\/\/taxivillaviciosa.net\/index.php\/sobre-nosotros\/","title":{"rendered":"Sobre Nosotros"},"content":{"rendered":"\n<figure class=\"wp-block-image size-large\"><img loading=\"lazy\" decoding=\"async\" width=\"1024\" height=\"216\" src=\"https:\/\/taxivillaviciosa.net\/wp-content\/uploads\/logo-1-1024x216.png\" alt=\"\" class=\"wp-image-37\" title=\"\" srcset=\"https:\/\/taxivillaviciosa.net\/wp-content\/uploads\/logo-1-1024x216.png 1024w, https:\/\/taxivillaviciosa.net\/wp-content\/uploads\/logo-1-300x63.png 300w, https:\/\/taxivillaviciosa.net\/wp-content\/uploads\/logo-1-768x162.png 768w, https:\/\/taxivillaviciosa.net\/wp-content\/uploads\/logo-1-1536x324.png 1536w, https:\/\/taxivillaviciosa.net\/wp-content\/uploads\/logo-1-2048x433.png 2048w\" sizes=\"auto, (max-width: 1024px) 100vw, 1024px\" \/><\/figure>\n\n\n\n<p>Desde 1999, Taxi Villaviciosa ha sido sin\u00f3nimo de confianza, profesionalidad y excelencia en el servicio de transporte. Con m\u00e1s de dos d\u00e9cadas en el sector, hemos consolidado nuestra posici\u00f3n como l\u00edderes en Villaviciosa, gracias a la dedicaci\u00f3n, pasi\u00f3n y compromiso con el que atendemos a cada uno de nuestros clientes.<\/p>\n\n\n\n<p>Nuestra larga trayectoria nos ha permitido no solo conocer a fondo las calles y rincones de Villaviciosa, sino tambi\u00e9n entender y adaptarnos a las cambiantes necesidades de quienes nos eligen d\u00eda a d\u00eda. A lo largo de los a\u00f1os, hemos sido testigos de historias, momentos y destinos, convirti\u00e9ndonos en el compa\u00f1ero de viaje preferido para muchos.<\/p>\n\n\n\n<figure class=\"wp-block-image size-large\"><img loading=\"lazy\" decoding=\"async\" width=\"1024\" height=\"103\" src=\"https:\/\/taxivillaviciosa.net\/wp-content\/uploads\/cabecera-con-sonbra-1024x103.png\" alt=\"\" class=\"wp-image-34\" title=\"\" srcset=\"https:\/\/taxivillaviciosa.net\/wp-content\/uploads\/cabecera-con-sonbra-1024x103.png 1024w, https:\/\/taxivillaviciosa.net\/wp-content\/uploads\/cabecera-con-sonbra-300x30.png 300w, https:\/\/taxivillaviciosa.net\/wp-content\/uploads\/cabecera-con-sonbra-768x77.png 768w, https:\/\/taxivillaviciosa.net\/wp-content\/uploads\/cabecera-con-sonbra-1536x155.png 1536w, https:\/\/taxivillaviciosa.net\/wp-content\/uploads\/cabecera-con-sonbra-2048x206.png 2048w\" sizes=\"auto, (max-width: 1024px) 100vw, 1024px\" \/><\/figure>\n\n\n\n<p>Lo que nos hace verdaderamente fabulosos es nuestro equipo. Contamos con conductores altamente capacitados, veh\u00edculos modernos y un servicio al cliente inigualable. Cada viaje con Taxi Villaviciosa es una promesa de puntualidad, seguridad y confort.<\/p>\n\n\n\n<p>Nuestro compromiso va m\u00e1s all\u00e1 de llevarte a tu destino; buscamos ofrecerte una experiencia \u00fanica, en la que sientas que eres parte de nuestra gran familia. Porque para nosotros, cada cliente es especial y merece un servicio a la altura de sus expectativas.<\/p>\n\n\n\n<p>Al elegir Taxi Villaviciosa, eliges tradici\u00f3n, experiencia y un servicio que ha sido pulido con el tiempo, siempre con el objetivo de brindarte lo mejor. \u00a1Gracias por confiar en nosotros durante todos estos a\u00f1os y por permitirnos ser tu elecci\u00f3n en cada trayecto!<\/p>\n\n\n\n<div class=\"wp-block-columns is-layout-flex wp-container-core-columns-is-layout-2 wp-block-columns-is-layout-flex\">\n<div class=\"wp-block-column is-layout-flow wp-block-column-is-layout-flow\"><\/div>\n\n\n\n<div class=\"wp-block-column is-layout-flow wp-block-column-is-layout-flow\">\n<div class=\"wp-block-columns is-layout-flex wp-container-core-columns-is-layout-1 wp-block-columns-is-layout-flex\">\n<div class=\"wp-block-column is-layout-flow wp-block-column-is-layout-flow\"><\/div>\n\n\n\n<div class=\"wp-block-column is-layout-flow wp-block-column-is-layout-flow\"><div class=\"wp-block-image\">\n<figure class=\"aligncenter size-full\"><a href=\"https:\/\/taxivillaviciosa.net\/\"><img loading=\"lazy\" decoding=\"async\" width=\"378\" height=\"378\" src=\"https:\/\/taxivillaviciosa.net\/wp-content\/uploads\/INICIO.png\" alt=\"\" class=\"wp-image-192\" title=\"\" srcset=\"https:\/\/taxivillaviciosa.net\/wp-content\/uploads\/INICIO.png 378w, https:\/\/taxivillaviciosa.net\/wp-content\/uploads\/INICIO-300x300.png 300w, https:\/\/taxivillaviciosa.net\/wp-content\/uploads\/INICIO-150x150.png 150w\" sizes=\"auto, (max-width: 378px) 100vw, 378px\" \/><\/a><figcaption class=\"wp-element-caption\"><strong><a href=\"https:\/\/taxivillaviciosa.net\/\" data-type=\"page\" data-id=\"9\">inicio<\/a><\/strong><\/figcaption><\/figure><\/div><\/div>\n\n\n\n<div class=\"wp-block-column is-layout-flow wp-block-column-is-layout-flow\"><\/div>\n<\/div>\n<\/div>\n\n\n\n<div class=\"wp-block-column is-layout-flow wp-block-column-is-layout-flow\"><\/div>\n<\/div>\n","protected":false},"excerpt":{"rendered":"<p>Desde 1999, Taxi Villaviciosa ha sido sin\u00f3nimo de confianza, profesionalidad y excelencia en el servicio de transporte. Con m\u00e1s de dos d\u00e9cadas en el sector, hemos consolidado nuestra posici\u00f3n como l\u00edderes en Villaviciosa, gracias a la dedicaci\u00f3n, pasi\u00f3n y compromiso con el que atendemos a cada uno de nuestros clientes. Nuestra larga trayectoria nos ha &#8230; <a title=\"Sobre Nosotros\" class=\"read-more\" href=\"https:\/\/taxivillaviciosa.net\/index.php\/sobre-nosotros\/\" aria-label=\"M\u00e1s en Sobre Nosotros\">Leer m\u00e1s<\/a><\/p>\n","protected":false},"author":1,"featured_media":0,"parent":0,"menu_order":0,"comment_status":"closed","ping_status":"closed","template":"","meta":{"footnotes":""},"class_list":["post-248","page","type-page","status-publish"],"amp_enabled":true,"_links":{"self":[{"href":"https:\/\/taxivillaviciosa.net\/index.php\/wp-json\/wp\/v2\/pages\/248","targetHints":{"allow":["GET"]}}],"collection":[{"href":"https:\/\/taxivillaviciosa.net\/index.php\/wp-json\/wp\/v2\/pages"}],"about":[{"href":"https:\/\/taxivillaviciosa.net\/index.php\/wp-json\/wp\/v2\/types\/page"}],"author":[{"embeddable":true,"href":"https:\/\/taxivillaviciosa.net\/index.php\/wp-json\/wp\/v2\/users\/1"}],"replies":[{"embeddable":true,"href":"https:\/\/taxivillaviciosa.net\/index.php\/wp-json\/wp\/v2\/comments?post=248"}],"version-history":[{"count":2,"href":"https:\/\/taxivillaviciosa.net\/index.php\/wp-json\/wp\/v2\/pages\/248\/revisions"}],"predecessor-version":[{"id":254,"href":"https:\/\/taxivillaviciosa.net\/index.php\/wp-json\/wp\/v2\/pages\/248\/revisions\/254"}],"wp:attachment":[{"href":"https:\/\/taxivillaviciosa.net\/index.php\/wp-json\/wp\/v2\/media?parent=248"}],"curies":[{"name":"wp","href":"https:\/\/api.w.org\/{rel}","templated":true}]}}