{"id":347,"date":"2023-11-05T16:31:18","date_gmt":"2023-11-05T15:31:18","guid":{"rendered":"https:\/\/taxivillaviciosa.net\/?page_id=347"},"modified":"2023-11-06T08:44:08","modified_gmt":"2023-11-06T07:44:08","slug":"blog-del-taxi","status":"publish","type":"page","link":"https:\/\/taxivillaviciosa.net\/index.php\/blog-del-taxi\/","title":{"rendered":"Blog del Taxi de Villaviciosa de od\u00f3n"},"content":{"rendered":"\n<h1 class=\"wp-block-heading\"><strong>\u00a1Descubre M\u00e1s en el Blog de Taxi Villaviciosa de Od\u00f3n!<\/strong><\/h1>\n\n\n<div class=\"wp-block-image\">\n<figure class=\"aligncenter size-full is-resized\"><img loading=\"lazy\" decoding=\"async\" width=\"1006\" height=\"372\" src=\"https:\/\/taxivillaviciosa.net\/wp-content\/uploads\/Blog-del-Taxi.png\" alt=\"\" class=\"wp-image-365\" style=\"aspect-ratio:2.704301075268817;width:335px;height:auto\" title=\"\" srcset=\"https:\/\/taxivillaviciosa.net\/wp-content\/uploads\/Blog-del-Taxi.png 1006w, https:\/\/taxivillaviciosa.net\/wp-content\/uploads\/Blog-del-Taxi-300x111.png 300w, https:\/\/taxivillaviciosa.net\/wp-content\/uploads\/Blog-del-Taxi-768x284.png 768w\" sizes=\"auto, (max-width: 1006px) 100vw, 1006px\" \/><\/figure><\/div>\n\n<div class=\"wp-block-image\">\n<figure class=\"aligncenter size-full\"><img loading=\"lazy\" decoding=\"async\" width=\"600\" height=\"33\" src=\"https:\/\/taxivillaviciosa.net\/wp-content\/uploads\/1486950584.gif\" alt=\"\" class=\"wp-image-75\" title=\"\"><\/figure><\/div>\n\n\n<p><strong>El Blog del Taxi: <\/strong>\u00bfQuieres conocer todos los secretos de Villaviciosa de Od\u00f3n y disfrutar al m\u00e1ximo de tu experiencia en la ciudad? \u00a1Nuestro blog es tu nuevo recurso imprescindible! En Taxi Villaviciosa de Od\u00f3n no solo te ofrecemos un servicio de transporte impecable, sino tambi\u00e9n la oportunidad de sumergirte en la vida local con nuestro blog del taxi dedicado.<\/p>\n\n\n\n<h2 class=\"wp-block-heading\"><strong>En el Blog del Taxi Villaviciosa de Od\u00f3n encontrar\u00e1s:<\/strong><\/h2>\n\n\n<div class=\"gb-container gb-container-37adf167\">\n<div class=\"gb-grid-wrapper gb-grid-wrapper-6a801c5e\">\n<div class=\"gb-grid-column gb-grid-column-633fe3db\"><div class=\"gb-container gb-container-633fe3db\"><a class=\"gb-container-link\" href=\"https:\/\/taxivillaviciosa.net\/guias-locales\/\"><\/a>\n\n<h2 class=\"wp-block-heading has-text-align-center\" style=\"font-size:18px\"><strong>Gu\u00edas Locales<\/strong><\/h2>\n\n\n\n<div style=\"height:21px\" aria-hidden=\"true\" class=\"wp-block-spacer\"><\/div>\n\n\n<div class=\"wp-block-image\">\n<figure class=\"aligncenter size-full is-resized\"><a href=\"https:\/\/taxivillaviciosa.net\/guias-locales\/\"><img loading=\"lazy\" decoding=\"async\" width=\"561\" height=\"561\" src=\"https:\/\/taxivillaviciosa.net\/wp-content\/uploads\/guia.png\" alt=\"\" class=\"wp-image-348\" style=\"object-fit:contain;width:100px;height:100px\" title=\"\" srcset=\"https:\/\/taxivillaviciosa.net\/wp-content\/uploads\/guia.png 561w, https:\/\/taxivillaviciosa.net\/wp-content\/uploads\/guia-300x300.png 300w, https:\/\/taxivillaviciosa.net\/wp-content\/uploads\/guia-150x150.png 150w\" sizes=\"auto, (max-width: 561px) 100vw, 561px\" \/><\/a><\/figure><\/div>\n<\/div><\/div>\n\n<div class=\"gb-grid-column gb-grid-column-dc5ab711\"><div class=\"gb-container gb-container-dc5ab711\">\n\n<h2 class=\"wp-block-heading has-text-align-center\" style=\"font-size:18px\"><strong>Eventos y Festividades<\/strong><\/h2>\n\n\n\n<div style=\"height:1px\" aria-hidden=\"true\" class=\"wp-block-spacer\"><\/div>\n\n\n<div class=\"wp-block-image\">\n<figure class=\"aligncenter size-full is-resized\"><a href=\"https:\/\/taxivillaviciosa.net\/eventos-y-festividades\/\"><img loading=\"lazy\" decoding=\"async\" width=\"561\" height=\"561\" src=\"https:\/\/taxivillaviciosa.net\/wp-content\/uploads\/icono-fechas.png\" alt=\"\" class=\"wp-image-349\" style=\"object-fit:contain;width:100px;height:100px\" title=\"\" srcset=\"https:\/\/taxivillaviciosa.net\/wp-content\/uploads\/icono-fechas.png 561w, https:\/\/taxivillaviciosa.net\/wp-content\/uploads\/icono-fechas-300x300.png 300w, https:\/\/taxivillaviciosa.net\/wp-content\/uploads\/icono-fechas-150x150.png 150w\" sizes=\"auto, (max-width: 561px) 100vw, 561px\" \/><\/a><\/figure><\/div>\n<\/div><\/div>\n\n<div class=\"gb-grid-column gb-grid-column-6808e9c7\"><div class=\"gb-container gb-container-6808e9c7\">\n\n<h2 class=\"wp-block-heading has-text-align-center\" style=\"font-size:18px\"><strong>Consejos de Viaje<\/strong><\/h2>\n\n\n\n<div style=\"height:1px\" aria-hidden=\"true\" class=\"wp-block-spacer\"><\/div>\n\n\n<div class=\"wp-block-image\">\n<figure class=\"aligncenter size-full is-resized\"><img loading=\"lazy\" decoding=\"async\" width=\"561\" height=\"561\" src=\"https:\/\/taxivillaviciosa.net\/wp-content\/uploads\/icono-consejo-viajes.png\" alt=\"\" class=\"wp-image-350\" style=\"object-fit:contain;width:100px;height:100px\" title=\"\" srcset=\"https:\/\/taxivillaviciosa.net\/wp-content\/uploads\/icono-consejo-viajes.png 561w, https:\/\/taxivillaviciosa.net\/wp-content\/uploads\/icono-consejo-viajes-300x300.png 300w, https:\/\/taxivillaviciosa.net\/wp-content\/uploads\/icono-consejo-viajes-150x150.png 150w\" sizes=\"auto, (max-width: 561px) 100vw, 561px\" \/><\/figure><\/div>\n<\/div><\/div>\n\n<div class=\"gb-grid-column gb-grid-column-3cc4178a\"><div class=\"gb-container gb-container-3cc4178a\">\n\n<h2 class=\"wp-block-heading has-text-align-center\" style=\"font-size:18px\"><strong>Historias de Clientes<\/strong><\/h2>\n\n\n\n<div style=\"height:1px\" aria-hidden=\"true\" class=\"wp-block-spacer\"><\/div>\n\n\n<div class=\"wp-block-image\">\n<figure class=\"aligncenter size-full is-resized\"><a href=\"https:\/\/taxivillaviciosa.net\/historias-de-clientes\/\"><img loading=\"lazy\" decoding=\"async\" width=\"561\" height=\"561\" src=\"https:\/\/taxivillaviciosa.net\/wp-content\/uploads\/icono-historias.png\" alt=\"\" class=\"wp-image-351\" style=\"object-fit:contain;width:100px;height:100px\" title=\"\" srcset=\"https:\/\/taxivillaviciosa.net\/wp-content\/uploads\/icono-historias.png 561w, https:\/\/taxivillaviciosa.net\/wp-content\/uploads\/icono-historias-300x300.png 300w, https:\/\/taxivillaviciosa.net\/wp-content\/uploads\/icono-historias-150x150.png 150w\" sizes=\"auto, (max-width: 561px) 100vw, 561px\" \/><\/a><\/figure><\/div>\n<\/div><\/div>\n\n<div class=\"gb-grid-column gb-grid-column-5c8bc546\"><div class=\"gb-container gb-container-5c8bc546\">\n\n<h2 class=\"wp-block-heading has-text-align-center\" style=\"font-size:18px\"><strong>Comparativas de Transporte<\/strong><\/h2>\n\n\n\n<div style=\"height:1px\" aria-hidden=\"true\" class=\"wp-block-spacer\"><\/div>\n\n\n<div class=\"wp-block-image\">\n<figure class=\"aligncenter size-full is-resized\"><a href=\"https:\/\/taxivillaviciosa.net\/comparativas-de-transporte\/\"><img loading=\"lazy\" decoding=\"async\" width=\"561\" height=\"561\" src=\"https:\/\/taxivillaviciosa.net\/wp-content\/uploads\/icono-comparativa.png\" alt=\"\" class=\"wp-image-352\" style=\"object-fit:contain;width:100px;height:100px\" title=\"\" srcset=\"https:\/\/taxivillaviciosa.net\/wp-content\/uploads\/icono-comparativa.png 561w, https:\/\/taxivillaviciosa.net\/wp-content\/uploads\/icono-comparativa-300x300.png 300w, https:\/\/taxivillaviciosa.net\/wp-content\/uploads\/icono-comparativa-150x150.png 150w\" sizes=\"auto, (max-width: 561px) 100vw, 561px\" \/><\/a><\/figure><\/div>\n<\/div><\/div>\n<\/div>\n<\/div>\n\n<div class=\"gb-container gb-container-50edc890\">\n<div class=\"gb-grid-wrapper gb-grid-wrapper-a4173ff5\">\n<div class=\"gb-grid-column gb-grid-column-bf35cf6a\"><div class=\"gb-container gb-container-bf35cf6a\">\n\n<h2 class=\"wp-block-heading has-text-align-center\" style=\"font-size:18px\"><strong>Informaci\u00f3n de Seguridad<\/strong><\/h2>\n\n\n\n<div style=\"height:1px\" aria-hidden=\"true\" class=\"wp-block-spacer\"><\/div>\n\n\n<div class=\"wp-block-image\">\n<figure class=\"aligncenter size-full is-resized\"><a href=\"https:\/\/taxivillaviciosa.net\/informacion-de-seguridad\/\"><img loading=\"lazy\" decoding=\"async\" width=\"561\" height=\"561\" src=\"https:\/\/taxivillaviciosa.net\/wp-content\/uploads\/atencion-informa.png\" alt=\"\" class=\"wp-image-353\" style=\"object-fit:contain;width:100px;height:100px\" title=\"\" srcset=\"https:\/\/taxivillaviciosa.net\/wp-content\/uploads\/atencion-informa.png 561w, https:\/\/taxivillaviciosa.net\/wp-content\/uploads\/atencion-informa-300x300.png 300w, https:\/\/taxivillaviciosa.net\/wp-content\/uploads\/atencion-informa-150x150.png 150w\" sizes=\"auto, (max-width: 561px) 100vw, 561px\" \/><\/a><\/figure><\/div>\n<\/div><\/div>\n\n<div class=\"gb-grid-column gb-grid-column-a1feb780\"><div class=\"gb-container gb-container-a1feb780\">\n\n<h2 class=\"wp-block-heading has-text-align-center\" style=\"font-size:18px\"><strong>Promociones y Ofertas<\/strong><\/h2>\n\n\n\n<div style=\"height:1px\" aria-hidden=\"true\" class=\"wp-block-spacer\"><\/div>\n\n\n<div class=\"wp-block-image\">\n<figure class=\"aligncenter size-full is-resized\"><img loading=\"lazy\" decoding=\"async\" width=\"561\" height=\"561\" src=\"https:\/\/taxivillaviciosa.net\/wp-content\/uploads\/atencionpromo.png\" alt=\"\" class=\"wp-image-354\" style=\"object-fit:contain;width:100px;height:100px\" title=\"\" srcset=\"https:\/\/taxivillaviciosa.net\/wp-content\/uploads\/atencionpromo.png 561w, https:\/\/taxivillaviciosa.net\/wp-content\/uploads\/atencionpromo-300x300.png 300w, https:\/\/taxivillaviciosa.net\/wp-content\/uploads\/atencionpromo-150x150.png 150w\" sizes=\"auto, (max-width: 561px) 100vw, 561px\" \/><\/figure><\/div>\n<\/div><\/div>\n\n<div class=\"gb-grid-column gb-grid-column-1c10e543\"><div class=\"gb-container gb-container-1c10e543\">\n\n<h2 class=\"wp-block-heading has-text-align-center\" style=\"font-size:18px\"><strong>Novedades del Sector<\/strong><\/h2>\n\n\n\n<div style=\"height:1px\" aria-hidden=\"true\" class=\"wp-block-spacer\"><\/div>\n\n\n<div class=\"wp-block-image\">\n<figure class=\"aligncenter size-full is-resized\"><a href=\"https:\/\/taxivillaviciosa.net\/novedades-del-sector\/\"><img loading=\"lazy\" decoding=\"async\" width=\"561\" height=\"561\" src=\"https:\/\/taxivillaviciosa.net\/wp-content\/uploads\/taxi-villa-sector.png\" alt=\"\" class=\"wp-image-356\" style=\"object-fit:contain;width:100px;height:100px\" title=\"\" srcset=\"https:\/\/taxivillaviciosa.net\/wp-content\/uploads\/taxi-villa-sector.png 561w, https:\/\/taxivillaviciosa.net\/wp-content\/uploads\/taxi-villa-sector-300x300.png 300w, https:\/\/taxivillaviciosa.net\/wp-content\/uploads\/taxi-villa-sector-150x150.png 150w\" sizes=\"auto, (max-width: 561px) 100vw, 561px\" \/><\/a><\/figure><\/div>\n<\/div><\/div>\n\n<div class=\"gb-grid-column gb-grid-column-f6beec39\"><div class=\"gb-container gb-container-f6beec39\">\n\n<h2 class=\"wp-block-heading has-text-align-center\" style=\"font-size:17px\"><strong>Sostenibilidad<\/strong><\/h2>\n\n\n\n<div style=\"height:21px\" aria-hidden=\"true\" class=\"wp-block-spacer\"><\/div>\n\n\n<div class=\"wp-block-image\">\n<figure class=\"aligncenter size-full is-resized\"><a href=\"https:\/\/taxivillaviciosa.net\/sostenibilidad\/\"><img loading=\"lazy\" decoding=\"async\" width=\"561\" height=\"561\" src=\"https:\/\/taxivillaviciosa.net\/wp-content\/uploads\/icono-eco1.png\" alt=\"\" class=\"wp-image-357\" style=\"object-fit:contain;width:100px;height:100px\" title=\"\" srcset=\"https:\/\/taxivillaviciosa.net\/wp-content\/uploads\/icono-eco1.png 561w, https:\/\/taxivillaviciosa.net\/wp-content\/uploads\/icono-eco1-300x300.png 300w, https:\/\/taxivillaviciosa.net\/wp-content\/uploads\/icono-eco1-150x150.png 150w\" sizes=\"auto, (max-width: 561px) 100vw, 561px\" \/><\/a><\/figure><\/div>\n<\/div><\/div>\n\n<div class=\"gb-grid-column gb-grid-column-a08e0ece\"><div class=\"gb-container gb-container-a08e0ece\">\n\n<h2 class=\"wp-block-heading has-text-align-center\" style=\"font-size:18px\"><strong>Perfil del Pueblo<\/strong><\/h2>\n\n\n\n<div style=\"height:1px\" aria-hidden=\"true\" class=\"wp-block-spacer\"><\/div>\n\n\n<div class=\"wp-block-image\">\n<figure class=\"aligncenter size-full is-resized\"><a href=\"https:\/\/taxivillaviciosa.net\/perfil-del-pueblo\/\"><img loading=\"lazy\" decoding=\"async\" width=\"561\" height=\"561\" src=\"https:\/\/taxivillaviciosa.net\/wp-content\/uploads\/icono-villa.png\" alt=\"\" class=\"wp-image-358\" style=\"object-fit:contain;width:100px;height:100px\" title=\"\" srcset=\"https:\/\/taxivillaviciosa.net\/wp-content\/uploads\/icono-villa.png 561w, https:\/\/taxivillaviciosa.net\/wp-content\/uploads\/icono-villa-300x300.png 300w, https:\/\/taxivillaviciosa.net\/wp-content\/uploads\/icono-villa-150x150.png 150w\" sizes=\"auto, (max-width: 561px) 100vw, 561px\" \/><\/a><\/figure><\/div>\n<\/div><\/div>\n<\/div>\n<\/div>\n\n\n<p><strong>Descubre la Historia y Cultura de Villaviciosa:<\/strong> Villaviciosa de Od\u00f3n es un tesoro de cultura y tradici\u00f3n. Desde el imponente Castillo de Villaviciosa hasta los tranquilos parques como El Bosque Encantado, cada rinc\u00f3n tiene una historia que contar. Con nuestros taxis, puedes viajar en el tiempo y comodidad, asegur\u00e1ndote de no perderte ni un detalle.<\/p>\n\n\n\n<p><strong>Festividades Locales que no Puedes Perder:<\/strong> Nuestro pueblo cobra vida con eventos como , y qu\u00e9 mejor manera de disfrutarlos que sin preocupaciones de estacionamiento o log\u00edstica. Nuestros taxis est\u00e1n disponibles para llevarte de puerta a puerta, asegurando que tu \u00fanica preocupaci\u00f3n sea disfrutar del evento.<\/p>\n\n\n\n<p><strong>Viaja con Confort y Seguridad:<\/strong> La seguridad y el confort son esenciales para nosotros. Viaja con la tranquilidad de que te transportar\u00e1n profesionales dedicados y veh\u00edculos de primera l\u00ednea.<\/p>\n\n\n\n<p><strong>Nuestro Compromiso con Villaviciosa y el Planeta:<\/strong> Comprometidos con la sostenibilidad.<\/p>\n\n\n\n<p><strong>Conclusi\u00f3n:<\/strong> Villaviciosa de Od\u00f3n es un pueblo para vivirlo, y en Taxi Villaviciosa, estamos aqu\u00ed para asegurarnos de que cada viaje sea tan placentero como el destino. Cont\u00e1cta hoy y d\u00e9janos ser parte de tu pr\u00f3xima aventura local.<\/p>\n\n\n\n<p>\u00bfEst\u00e1s listo para redescubrir Villaviciosa de Od\u00f3n o facilitar tus traslados diarios? Llama al 640 257 504 para reservar tu viaje con Taxi Villaviciosa y viaja con la certeza de que est\u00e1s eligiendo lo mejor para ti y para nuestro pueblo.<\/p>\n","protected":false},"excerpt":{"rendered":"<p>\u00a1Descubre M\u00e1s en el Blog de Taxi Villaviciosa de Od\u00f3n! El Blog del Taxi: \u00bfQuieres conocer todos los secretos de Villaviciosa de Od\u00f3n y disfrutar al m\u00e1ximo de tu experiencia en la ciudad? \u00a1Nuestro blog es tu nuevo recurso imprescindible! En Taxi Villaviciosa de Od\u00f3n no solo te ofrecemos un servicio de transporte impecable, sino &#8230; <a title=\"Blog del Taxi de Villaviciosa de od\u00f3n\" class=\"read-more\" href=\"https:\/\/taxivillaviciosa.net\/index.php\/blog-del-taxi\/\" aria-label=\"M\u00e1s en Blog del Taxi de Villaviciosa de od\u00f3n\">Leer m\u00e1s<\/a><\/p>\n","protected":false},"author":1,"featured_media":0,"parent":0,"menu_order":0,"comment_status":"closed","ping_status":"closed","template":"","meta":{"footnotes":""},"class_list":["post-347","page","type-page","status-publish"],"amp_enabled":true,"_links":{"self":[{"href":"https:\/\/taxivillaviciosa.net\/index.php\/wp-json\/wp\/v2\/pages\/347","targetHints":{"allow":["GET"]}}],"collection":[{"href":"https:\/\/taxivillaviciosa.net\/index.php\/wp-json\/wp\/v2\/pages"}],"about":[{"href":"https:\/\/taxivillaviciosa.net\/index.php\/wp-json\/wp\/v2\/types\/page"}],"author":[{"embeddable":true,"href":"https:\/\/taxivillaviciosa.net\/index.php\/wp-json\/wp\/v2\/users\/1"}],"replies":[{"embeddable":true,"href":"https:\/\/taxivillaviciosa.net\/index.php\/wp-json\/wp\/v2\/comments?post=347"}],"version-history":[{"count":3,"href":"https:\/\/taxivillaviciosa.net\/index.php\/wp-json\/wp\/v2\/pages\/347\/revisions"}],"predecessor-version":[{"id":366,"href":"https:\/\/taxivillaviciosa.net\/index.php\/wp-json\/wp\/v2\/pages\/347\/revisions\/366"}],"wp:attachment":[{"href":"https:\/\/taxivillaviciosa.net\/index.php\/wp-json\/wp\/v2\/media?parent=347"}],"curies":[{"name":"wp","href":"https:\/\/api.w.org\/{rel}","templated":true}]}}