{"id":9,"date":"2023-09-20T18:22:40","date_gmt":"2023-09-20T16:22:40","guid":{"rendered":"https:\/\/taxivillaviciosa.net\/?page_id=9"},"modified":"2023-11-22T08:46:56","modified_gmt":"2023-11-22T07:46:56","slug":"inicio","status":"publish","type":"page","link":"https:\/\/taxivillaviciosa.net\/","title":{"rendered":"Taxi Villaviciosa"},"content":{"rendered":"\n<h1 class=\"wp-block-heading has-accent-color has-text-color has-link-color wp-elements-9297ad25c7bc995c7bb519ce92645573\"><\/h1>\n\n\n<div class=\"gb-container gb-container-481e040a\">\n<div class=\"wp-block-image\">\n<figure class=\"aligncenter\"><img loading=\"lazy\" decoding=\"async\" width=\"1024\" height=\"597\" src=\"https:\/\/taxivillaviciosa.net\/wp-content\/uploads\/TAXI-VILLAVICIOSA-11-1-1024x597.png\" alt=\"\" class=\"wp-image-123\" title=\"\" srcset=\"https:\/\/taxivillaviciosa.net\/wp-content\/uploads\/TAXI-VILLAVICIOSA-11-1-1024x597.png 1024w, https:\/\/taxivillaviciosa.net\/wp-content\/uploads\/TAXI-VILLAVICIOSA-11-1-300x175.png 300w, https:\/\/taxivillaviciosa.net\/wp-content\/uploads\/TAXI-VILLAVICIOSA-11-1-768x448.png 768w, https:\/\/taxivillaviciosa.net\/wp-content\/uploads\/TAXI-VILLAVICIOSA-11-1.png 1200w\" sizes=\"auto, (max-width: 1024px) 100vw, 1024px\" \/><\/figure><\/div>\n<\/div>\n\n<div class=\"wp-block-image\">\n<figure class=\"aligncenter size-large\"><img loading=\"lazy\" decoding=\"async\" width=\"600\" height=\"33\" src=\"https:\/\/taxivillaviciosa.net\/wp-content\/uploads\/1486950584.gif\" alt=\"\" class=\"wp-image-75\" title=\"\"><\/figure><\/div>\n\n<div class=\"gb-container gb-container-068758b1\">\n<div class=\"gb-container gb-container-0d0ec51d\">\n<div class=\"gb-container gb-container-60c447fc\">\n<div class=\"gb-container gb-container-d8c53ff9\">\n<div class=\"gb-container gb-container-819ab5af\">\n<div class=\"wp-block-image\">\n<figure class=\"aligncenter size-large\"><img loading=\"lazy\" decoding=\"async\" width=\"1024\" height=\"174\" src=\"https:\/\/taxivillaviciosa.net\/wp-content\/uploads\/telefonos-de-taxi-villaviciosa-1-1024x174.png\" alt=\"\" class=\"wp-image-153\" title=\"\" srcset=\"https:\/\/taxivillaviciosa.net\/wp-content\/uploads\/telefonos-de-taxi-villaviciosa-1-1024x174.png 1024w, https:\/\/taxivillaviciosa.net\/wp-content\/uploads\/telefonos-de-taxi-villaviciosa-1-300x51.png 300w, https:\/\/taxivillaviciosa.net\/wp-content\/uploads\/telefonos-de-taxi-villaviciosa-1-768x130.png 768w, https:\/\/taxivillaviciosa.net\/wp-content\/uploads\/telefonos-de-taxi-villaviciosa-1-1536x261.png 1536w, https:\/\/taxivillaviciosa.net\/wp-content\/uploads\/telefonos-de-taxi-villaviciosa-1-2048x347.png 2048w\" sizes=\"auto, (max-width: 1024px) 100vw, 1024px\" \/><\/figure><\/div>\n<\/div>\n<\/div>\n<\/div>\n<\/div>\n<\/div>\n\n\n<a class=\"gb-button gb-button-7db260cf\" href=\"tel:+34640257504\"><span class=\"gb-icon\"><svg aria-hidden=\"true\" role=\"img\" height=\"1em\" width=\"1em\" viewBox=\"0 0 512 512\" xmlns=\"http:\/\/www.w3.org\/2000\/svg\"><path fill=\"currentColor\" d=\"M493.4 24.6l-104-24c-11.3-2.6-22.9 3.3-27.5 13.9l-48 112c-4.2 9.8-1.4 21.3 6.9 28l60.6 49.6c-36 76.7-98.9 140.5-177.2 177.2l-49.6-60.6c-6.8-8.3-18.2-11.1-28-6.9l-112 48C3.9 366.5-2 378.1.6 389.4l24 104C27.1 504.2 36.7 512 48 512c256.1 0 464-207.5 464-464 0-11.2-7.7-20.9-18.6-23.4z\"><\/path><\/svg><\/span><span class=\"gb-button-text\">Llama Ahora<\/span><\/a>\n\n\n<div class=\"wp-block-image\">\n<figure class=\"aligncenter size-large\"><img loading=\"lazy\" decoding=\"async\" width=\"600\" height=\"33\" src=\"https:\/\/taxivillaviciosa.net\/wp-content\/uploads\/1486950584.gif\" alt=\"\" class=\"wp-image-75\" title=\"\"><\/figure><\/div>\n\n\n<div style=\"height:10px\" aria-hidden=\"true\" class=\"wp-block-spacer\"><\/div>\n\n\n<div class=\"gb-container gb-container-475d7dc1\">\n\n<figure class=\"wp-block-image size-large\"><img loading=\"lazy\" decoding=\"async\" width=\"1024\" height=\"93\" src=\"https:\/\/taxivillaviciosa.net\/wp-content\/uploads\/visa-1024x93.png\" alt=\"\" class=\"wp-image-319\" title=\"\" srcset=\"https:\/\/taxivillaviciosa.net\/wp-content\/uploads\/visa-1024x93.png 1024w, https:\/\/taxivillaviciosa.net\/wp-content\/uploads\/visa-300x27.png 300w, https:\/\/taxivillaviciosa.net\/wp-content\/uploads\/visa-768x69.png 768w, https:\/\/taxivillaviciosa.net\/wp-content\/uploads\/visa-1536x139.png 1536w, https:\/\/taxivillaviciosa.net\/wp-content\/uploads\/visa.png 1636w\" sizes=\"auto, (max-width: 1024px) 100vw, 1024px\" \/><\/figure>\n\n<\/div>\n\n\n<div style=\"height:30px\" aria-hidden=\"true\" class=\"wp-block-spacer\"><\/div>\n\n\n<div class=\"wp-block-image\">\n<figure class=\"aligncenter size-large\"><img loading=\"lazy\" decoding=\"async\" width=\"600\" height=\"33\" src=\"https:\/\/taxivillaviciosa.net\/wp-content\/uploads\/1486950584.gif\" alt=\"\" class=\"wp-image-75\" title=\"\"><\/figure><\/div>\n\n\n<div style=\"height:30px\" aria-hidden=\"true\" class=\"wp-block-spacer\"><\/div>\n\n\n<div class=\"gb-container gb-container-8768213d\">\n<div class=\"gb-container gb-container-a720c02c\">\n<div class=\"gb-container gb-container-9b3328b9 alignwide\">\n\n<div class=\"wp-block-columns is-layout-flex wp-container-core-columns-is-layout-4 wp-block-columns-is-layout-flex\">\n<div class=\"wp-block-column is-layout-flow wp-block-column-is-layout-flow\">\n<div class=\"wp-block-columns is-layout-flex wp-container-core-columns-is-layout-1 wp-block-columns-is-layout-flex\">\n<div class=\"wp-block-column is-layout-flow wp-block-column-is-layout-flow\"><div class=\"gb-container gb-container-1b4e7c71\">\n<div class=\"wp-block-image\">\n<figure class=\"aligncenter size-large is-resized\"><img loading=\"lazy\" decoding=\"async\" width=\"1024\" height=\"664\" src=\"https:\/\/taxivillaviciosa.net\/wp-content\/uploads\/wifi-1024x664.png\" alt=\"\" class=\"wp-image-89\" style=\"object-fit:contain;width:100px;height:100px\" title=\"\" srcset=\"https:\/\/taxivillaviciosa.net\/wp-content\/uploads\/wifi-1024x664.png 1024w, https:\/\/taxivillaviciosa.net\/wp-content\/uploads\/wifi-300x195.png 300w, https:\/\/taxivillaviciosa.net\/wp-content\/uploads\/wifi-768x498.png 768w, https:\/\/taxivillaviciosa.net\/wp-content\/uploads\/wifi.png 1081w\" sizes=\"auto, (max-width: 1024px) 100vw, 1024px\" \/><\/figure><\/div>\n<\/div><\/div>\n\n\n\n<div class=\"wp-block-column is-layout-flow wp-block-column-is-layout-flow\"><div class=\"gb-container gb-container-fb6af5fc\">\n<div class=\"wp-block-image\">\n<figure class=\"aligncenter size-large is-resized\"><img loading=\"lazy\" decoding=\"async\" width=\"1024\" height=\"788\" src=\"https:\/\/taxivillaviciosa.net\/wp-content\/uploads\/taxi-eco-1024x788.png\" alt=\"\" class=\"wp-image-90\" style=\"object-fit:contain;width:100px;height:100px\" title=\"\" srcset=\"https:\/\/taxivillaviciosa.net\/wp-content\/uploads\/taxi-eco-1024x788.png 1024w, https:\/\/taxivillaviciosa.net\/wp-content\/uploads\/taxi-eco-300x231.png 300w, https:\/\/taxivillaviciosa.net\/wp-content\/uploads\/taxi-eco-768x591.png 768w, https:\/\/taxivillaviciosa.net\/wp-content\/uploads\/taxi-eco.png 1076w\" sizes=\"auto, (max-width: 1024px) 100vw, 1024px\" \/><\/figure><\/div>\n<\/div><\/div>\n<\/div>\n<\/div>\n\n\n\n<div class=\"wp-block-column is-layout-flow wp-block-column-is-layout-flow\">\n<div class=\"wp-block-columns is-layout-flex wp-container-core-columns-is-layout-2 wp-block-columns-is-layout-flex\">\n<div class=\"wp-block-column is-layout-flow wp-block-column-is-layout-flow\"><div class=\"gb-container gb-container-1a418b91\">\n<div class=\"wp-block-image\">\n<figure class=\"aligncenter size-full is-resized\"><img loading=\"lazy\" decoding=\"async\" width=\"467\" height=\"474\" src=\"https:\/\/taxivillaviciosa.net\/wp-content\/uploads\/musica.png\" alt=\"\" class=\"wp-image-94\" style=\"object-fit:contain;width:100px;height:100px\" title=\"\" srcset=\"https:\/\/taxivillaviciosa.net\/wp-content\/uploads\/musica.png 467w, https:\/\/taxivillaviciosa.net\/wp-content\/uploads\/musica-296x300.png 296w\" sizes=\"auto, (max-width: 467px) 100vw, 467px\" \/><\/figure><\/div>\n<\/div><\/div>\n\n\n\n<div class=\"wp-block-column is-layout-flow wp-block-column-is-layout-flow\"><div class=\"gb-container gb-container-e99d4dec\">\n<div class=\"wp-block-image\">\n<figure class=\"aligncenter size-large is-resized\"><img loading=\"lazy\" decoding=\"async\" width=\"980\" height=\"1024\" src=\"https:\/\/taxivillaviciosa.net\/wp-content\/uploads\/calefacion-1-980x1024.png\" alt=\"\" class=\"wp-image-92\" style=\"object-fit:contain;width:100px;height:100px\" title=\"\" srcset=\"https:\/\/taxivillaviciosa.net\/wp-content\/uploads\/calefacion-1-980x1024.png 980w, https:\/\/taxivillaviciosa.net\/wp-content\/uploads\/calefacion-1-287x300.png 287w, https:\/\/taxivillaviciosa.net\/wp-content\/uploads\/calefacion-1-768x802.png 768w, https:\/\/taxivillaviciosa.net\/wp-content\/uploads\/calefacion-1-1471x1536.png 1471w, https:\/\/taxivillaviciosa.net\/wp-content\/uploads\/calefacion-1.png 1597w\" sizes=\"auto, (max-width: 980px) 100vw, 980px\" \/><\/figure><\/div>\n<\/div><\/div>\n<\/div>\n<\/div>\n\n\n\n<div class=\"wp-block-column is-layout-flow wp-block-column-is-layout-flow\">\n<div class=\"wp-block-columns is-layout-flex wp-container-core-columns-is-layout-3 wp-block-columns-is-layout-flex\">\n<div class=\"wp-block-column is-layout-flow wp-block-column-is-layout-flow\"><div class=\"gb-container gb-container-a29246f1\">\n<div class=\"wp-block-image\">\n<figure class=\"aligncenter size-full is-resized\"><img loading=\"lazy\" decoding=\"async\" width=\"605\" height=\"646\" src=\"https:\/\/taxivillaviciosa.net\/wp-content\/uploads\/agua.png\" alt=\"\" class=\"wp-image-93\" style=\"object-fit:contain;width:100px;height:100px\" title=\"\" srcset=\"https:\/\/taxivillaviciosa.net\/wp-content\/uploads\/agua.png 605w, https:\/\/taxivillaviciosa.net\/wp-content\/uploads\/agua-281x300.png 281w\" sizes=\"auto, (max-width: 605px) 100vw, 605px\" \/><\/figure><\/div>\n<\/div><\/div>\n\n\n\n<div class=\"wp-block-column is-layout-flow wp-block-column-is-layout-flow\"><div class=\"gb-container gb-container-ca6649d4\">\n<div class=\"wp-block-image\">\n<figure class=\"aligncenter size-full is-resized\"><img loading=\"lazy\" decoding=\"async\" width=\"356\" height=\"528\" src=\"https:\/\/taxivillaviciosa.net\/wp-content\/uploads\/cargador.png\" alt=\"\" class=\"wp-image-95\" style=\"aspect-ratio:1;object-fit:contain;width:100px;height:auto\" title=\"\" srcset=\"https:\/\/taxivillaviciosa.net\/wp-content\/uploads\/cargador.png 356w, https:\/\/taxivillaviciosa.net\/wp-content\/uploads\/cargador-202x300.png 202w\" sizes=\"auto, (max-width: 356px) 100vw, 356px\" \/><\/figure><\/div>\n<\/div><\/div>\n<\/div>\n<\/div>\n<\/div>\n\n<\/div>\n<\/div>\n<\/div>\n\n\n<div style=\"height:30px\" aria-hidden=\"true\" class=\"wp-block-spacer\"><\/div>\n\n\n<div class=\"wp-block-image\">\n<figure class=\"aligncenter size-large\"><img loading=\"lazy\" decoding=\"async\" width=\"600\" height=\"33\" src=\"https:\/\/taxivillaviciosa.net\/wp-content\/uploads\/1486950584.gif\" alt=\"\" class=\"wp-image-75\" title=\"\"><\/figure><\/div>\n\n\n<h2 class=\"wp-block-heading\">Sevicio de Confianza Taxi Villaviciosa<\/h2>\n\n\n\n<p class=\"has-text-align-left\">\u00bfBuscas un servicio de transporte de confianza en Villaviciosa? \u00a1Has llegado al lugar correcto! En <strong>Taxi Villaviciosa<\/strong>, nos enorgullece ofrecer a nuestros clientes un servicio de taxi puntual, seguro y c\u00f3modo. Con a\u00f1os de experiencia en el sector, entendemos lo que nuestros clientes necesitan y esperan de un servicio de taxi de primera clase.<\/p>\n\n\n\n<p>Nuestros conductores profesionales y amigables est\u00e1n listos para llevarte a tu destino en Villaviciosa y sus alrededores. Ya sea que necesites un viaje desde el aeropuerto, una salida nocturna o simplemente un medio de transporte para tus desplazamientos diarios, <strong>Taxi Villaviciosa<\/strong> est\u00e1 aqu\u00ed para servirte.<\/p>\n\n\n\n<p>Nuestra flota de veh\u00edculos modernos y bien mantenidos garantiza que llegar\u00e1s a tu destino de manera segura y a tiempo. Adem\u00e1s, con nuestra f\u00e1cil reserva en l\u00ednea y tarifas transparentes, nunca ha sido tan sencillo reservar tu <strong>Taxi Villaviciosa<\/strong>.<\/p>\n\n\n\n<p>Agradecemos la confianza que depositas en nosotros y nos esforzamos por superar tus expectativas en cada viaje. \u00a1Esperamos verte pronto a bordo de uno de nuestros taxis en Villaviciosa!<\/p>\n\n\n\n<div style=\"height:30px\" aria-hidden=\"true\" class=\"wp-block-spacer\"><\/div>\n","protected":false},"excerpt":{"rendered":"<p>Sevicio de Confianza Taxi Villaviciosa \u00bfBuscas un servicio de transporte de confianza en Villaviciosa? \u00a1Has llegado al lugar correcto! En Taxi Villaviciosa, nos enorgullece ofrecer a nuestros clientes un servicio de taxi puntual, seguro y c\u00f3modo. Con a\u00f1os de experiencia en el sector, entendemos lo que nuestros clientes necesitan y esperan de un servicio de &#8230; <a title=\"Taxi Villaviciosa\" class=\"read-more\" href=\"https:\/\/taxivillaviciosa.net\/\" aria-label=\"M\u00e1s en Taxi Villaviciosa\">Leer m\u00e1s<\/a><\/p>\n","protected":false},"author":1,"featured_media":0,"parent":0,"menu_order":0,"comment_status":"closed","ping_status":"closed","template":"","meta":{"footnotes":""},"class_list":["post-9","page","type-page","status-publish"],"amp_enabled":false,"_links":{"self":[{"href":"https:\/\/taxivillaviciosa.net\/index.php\/wp-json\/wp\/v2\/pages\/9","targetHints":{"allow":["GET"]}}],"collection":[{"href":"https:\/\/taxivillaviciosa.net\/index.php\/wp-json\/wp\/v2\/pages"}],"about":[{"href":"https:\/\/taxivillaviciosa.net\/index.php\/wp-json\/wp\/v2\/types\/page"}],"author":[{"embeddable":true,"href":"https:\/\/taxivillaviciosa.net\/index.php\/wp-json\/wp\/v2\/users\/1"}],"replies":[{"embeddable":true,"href":"https:\/\/taxivillaviciosa.net\/index.php\/wp-json\/wp\/v2\/comments?post=9"}],"version-history":[{"count":120,"href":"https:\/\/taxivillaviciosa.net\/index.php\/wp-json\/wp\/v2\/pages\/9\/revisions"}],"predecessor-version":[{"id":431,"href":"https:\/\/taxivillaviciosa.net\/index.php\/wp-json\/wp\/v2\/pages\/9\/revisions\/431"}],"wp:attachment":[{"href":"https:\/\/taxivillaviciosa.net\/index.php\/wp-json\/wp\/v2\/media?parent=9"}],"curies":[{"name":"wp","href":"https:\/\/api.w.org\/{rel}","templated":true}]}}